{"id":1381,"date":"2024-08-30T12:41:54","date_gmt":"2024-08-30T15:41:54","guid":{"rendered":"https:\/\/museotornambe.ffha.unsj.edu.ar\/?page_id=1381"},"modified":"2025-11-19T11:43:57","modified_gmt":"2025-11-19T14:43:57","slug":"investigacion","status":"publish","type":"page","link":"https:\/\/museotornambe.ffha.unsj.edu.ar\/?page_id=1381","title":{"rendered":"Investigaci\u00f3n"},"content":{"rendered":"\t\t<div data-elementor-type=\"wp-page\" data-elementor-id=\"1381\" class=\"elementor elementor-1381\">\n\t\t\t\t<div class=\"elementor-element elementor-element-1def1f9 e-flex e-con-boxed e-con e-parent\" data-id=\"1def1f9\" data-element_type=\"container\" data-e-type=\"container\">\n\t\t\t\t\t<div class=\"e-con-inner\">\n\t\t\t\t<div class=\"elementor-element elementor-element-2b5cd08 elementor-widget elementor-widget-spacer\" data-id=\"2b5cd08\" data-element_type=\"widget\" data-e-type=\"widget\" data-widget_type=\"spacer.default\">\n\t\t\t\t<div class=\"elementor-widget-container\">\n\t\t\t\t\t\t\t<div class=\"elementor-spacer\">\n\t\t\t<div class=\"elementor-spacer-inner\"><\/div>\n\t\t<\/div>\n\t\t\t\t\t\t<\/div>\n\t\t\t\t<\/div>\n\t\t\t\t\t<\/div>\n\t\t\t\t<\/div>\n\t\t<div class=\"elementor-element elementor-element-ec73633 e-con-full e-flex e-con e-parent\" data-id=\"ec73633\" data-element_type=\"container\" data-e-type=\"container\">\n\t\t<div class=\"elementor-element elementor-element-cccb41c e-con-full e-flex e-con e-child\" data-id=\"cccb41c\" data-element_type=\"container\" data-e-type=\"container\">\n\t\t<div class=\"elementor-element elementor-element-8ff7bb0 e-con-full e-flex e-con e-child\" data-id=\"8ff7bb0\" data-element_type=\"container\" data-e-type=\"container\">\n\t\t\t\t<div class=\"elementor-element elementor-element-2ba9bad elementor-widget elementor-widget-text-editor\" data-id=\"2ba9bad\" data-element_type=\"widget\" data-e-type=\"widget\" data-widget_type=\"text-editor.default\">\n\t\t\t\t<div class=\"elementor-widget-container\">\n\t\t\t\t\t\t\t\t\t<h2><strong>Investigaci\u00f3n<\/strong><\/h2>\t\t\t\t\t\t\t\t<\/div>\n\t\t\t\t<\/div>\n\t\t\t\t<\/div>\n\t\t\t\t<\/div>\n\t\t\t\t<\/div>\n\t\t<div class=\"elementor-element elementor-element-83b61f7 e-flex e-con-boxed e-con e-parent\" data-id=\"83b61f7\" data-element_type=\"container\" data-e-type=\"container\">\n\t\t\t\t\t<div class=\"e-con-inner\">\n\t\t<div class=\"elementor-element elementor-element-07017f3 e-con-full e-flex e-con e-child\" data-id=\"07017f3\" data-element_type=\"container\" data-e-type=\"container\">\n\t\t<div class=\"elementor-element elementor-element-9502ec9 e-con-full e-flex e-con e-child\" data-id=\"9502ec9\" data-element_type=\"container\" data-e-type=\"container\">\n\t\t\t\t<div class=\"elementor-element elementor-element-dbb4433 elementor-widget elementor-widget-text-editor\" data-id=\"dbb4433\" data-element_type=\"widget\" data-e-type=\"widget\" data-widget_type=\"text-editor.default\">\n\t\t\t\t<div class=\"elementor-widget-container\">\n\t\t\t\t\t\t\t\t\t<p><span style=\"font-weight: 400;\">Las tareas de<\/span><b> investigaci\u00f3n<\/b><span style=\"font-weight: 400;\"> contemplan el desarrollo de programas de trabajo con tem\u00e1ticas relativas a las nuevas posibilidades expresivas y operacionales; con la exploraci\u00f3n de materiales y procedimientos, con la historia y la teor\u00eda del arte y su relaci\u00f3n actual con problem\u00e1ticas sociales y culturales, entre otras. En este marco, la mayor\u00eda de los proyectos de investigaci\u00f3n y creaci\u00f3n se desarrollan en equipo, y desde el a\u00f1o 1992 est\u00e1n evaluados, aprobados y subsidiados por la Secretar\u00eda de Ciencia y T\u00e9cnica de la Universidad Nacional de San Juan.<\/span><\/p><p><span style=\"font-weight: 400;\">Adem\u00e1s algunos integrantes del equipo participan de proyectos de investigaci\u00f3n y\/o desarrollan tareas de extensi\u00f3n en otras unidades acad\u00e9micas, contribuyendo as\u00ed al di\u00e1logo entre investigadores de diversas \u00e1reas disciplinares.<\/span><\/p>\t\t\t\t\t\t\t\t<\/div>\n\t\t\t\t<\/div>\n\t\t\t\t<\/div>\n\t\t\t\t<\/div>\n\t\t<div class=\"elementor-element elementor-element-8e925e1 e-con-full e-flex e-con e-child\" data-id=\"8e925e1\" data-element_type=\"container\" data-e-type=\"container\">\n\t\t<div class=\"elementor-element elementor-element-ef29ad6 e-grid e-con-full e-con e-child\" data-id=\"ef29ad6\" data-element_type=\"container\" data-e-type=\"container\">\n\t\t\t\t<div class=\"elementor-element elementor-element-440fe4c elementor-widget elementor-widget-image\" data-id=\"440fe4c\" data-element_type=\"widget\" data-e-type=\"widget\" data-widget_type=\"image.default\">\n\t\t\t\t<div class=\"elementor-widget-container\">\n\t\t\t\t\t\t\t\t\t\t\t\t\t\t\t<img fetchpriority=\"high\" decoding=\"async\" width=\"819\" height=\"1024\" src=\"https:\/\/museotornambe.ffha.unsj.edu.ar\/wp-content\/uploads\/2025\/09\/Solicitud-comunidad-819x1024.jpg\" class=\"attachment-large size-large wp-image-3083\" alt=\"\" srcset=\"https:\/\/museotornambe.ffha.unsj.edu.ar\/wp-content\/uploads\/2025\/09\/Solicitud-comunidad-819x1024.jpg 819w, https:\/\/museotornambe.ffha.unsj.edu.ar\/wp-content\/uploads\/2025\/09\/Solicitud-comunidad-240x300.jpg 240w, https:\/\/museotornambe.ffha.unsj.edu.ar\/wp-content\/uploads\/2025\/09\/Solicitud-comunidad-768x960.jpg 768w, https:\/\/museotornambe.ffha.unsj.edu.ar\/wp-content\/uploads\/2025\/09\/Solicitud-comunidad.jpg 1024w\" sizes=\"(max-width: 819px) 100vw, 819px\" \/>\t\t\t\t\t\t\t\t\t\t\t\t\t\t\t<\/div>\n\t\t\t\t<\/div>\n\t\t\t\t<div class=\"elementor-element elementor-element-076c9d1 elementor-widget elementor-widget-image\" data-id=\"076c9d1\" data-element_type=\"widget\" data-e-type=\"widget\" data-widget_type=\"image.default\">\n\t\t\t\t<div class=\"elementor-widget-container\">\n\t\t\t\t\t\t\t\t\t\t\t\t\t\t\t<img decoding=\"async\" width=\"1024\" height=\"683\" src=\"https:\/\/museotornambe.ffha.unsj.edu.ar\/wp-content\/uploads\/2024\/10\/DSC_2262-1024x683.jpg\" class=\"attachment-large size-large wp-image-2894\" alt=\"\" srcset=\"https:\/\/museotornambe.ffha.unsj.edu.ar\/wp-content\/uploads\/2024\/10\/DSC_2262-1024x683.jpg 1024w, https:\/\/museotornambe.ffha.unsj.edu.ar\/wp-content\/uploads\/2024\/10\/DSC_2262-300x200.jpg 300w, https:\/\/museotornambe.ffha.unsj.edu.ar\/wp-content\/uploads\/2024\/10\/DSC_2262-768x512.jpg 768w, https:\/\/museotornambe.ffha.unsj.edu.ar\/wp-content\/uploads\/2024\/10\/DSC_2262-1536x1025.jpg 1536w, https:\/\/museotornambe.ffha.unsj.edu.ar\/wp-content\/uploads\/2024\/10\/DSC_2262-2048x1367.jpg 2048w, https:\/\/museotornambe.ffha.unsj.edu.ar\/wp-content\/uploads\/2024\/10\/DSC_2262-930x620.jpg 930w\" sizes=\"(max-width: 1024px) 100vw, 1024px\" \/>\t\t\t\t\t\t\t\t\t\t\t\t\t\t\t<\/div>\n\t\t\t\t<\/div>\n\t\t\t\t<div class=\"elementor-element elementor-element-47d8eb9 elementor-widget elementor-widget-image\" data-id=\"47d8eb9\" data-element_type=\"widget\" data-e-type=\"widget\" data-widget_type=\"image.default\">\n\t\t\t\t<div class=\"elementor-widget-container\">\n\t\t\t\t\t\t\t\t\t\t\t\t\t\t\t<img decoding=\"async\" width=\"1024\" height=\"683\" src=\"https:\/\/museotornambe.ffha.unsj.edu.ar\/wp-content\/uploads\/2024\/10\/DSC_0636-1024x683.jpg\" class=\"attachment-large size-large wp-image-2938\" alt=\"\" srcset=\"https:\/\/museotornambe.ffha.unsj.edu.ar\/wp-content\/uploads\/2024\/10\/DSC_0636-1024x683.jpg 1024w, https:\/\/museotornambe.ffha.unsj.edu.ar\/wp-content\/uploads\/2024\/10\/DSC_0636-300x200.jpg 300w, https:\/\/museotornambe.ffha.unsj.edu.ar\/wp-content\/uploads\/2024\/10\/DSC_0636-768x512.jpg 768w, https:\/\/museotornambe.ffha.unsj.edu.ar\/wp-content\/uploads\/2024\/10\/DSC_0636-1536x1024.jpg 1536w\" sizes=\"(max-width: 1024px) 100vw, 1024px\" \/>\t\t\t\t\t\t\t\t\t\t\t\t\t\t\t<\/div>\n\t\t\t\t<\/div>\n\t\t\t\t<\/div>\n\t\t\t\t<\/div>\n\t\t\t\t\t<\/div>\n\t\t\t\t<\/div>\n\t\t<div class=\"elementor-element elementor-element-bb2998e e-flex e-con-boxed e-con e-parent\" data-id=\"bb2998e\" data-element_type=\"container\" data-e-type=\"container\">\n\t\t\t\t\t<div class=\"e-con-inner\">\n\t\t<div class=\"elementor-element elementor-element-9ccbeef e-con-full e-flex e-con e-child\" data-id=\"9ccbeef\" data-element_type=\"container\" data-e-type=\"container\">\n\t\t\t\t<div class=\"elementor-element elementor-element-d04179e elementor-widget__width-inherit elementor-widget elementor-widget-text-editor\" data-id=\"d04179e\" data-element_type=\"widget\" data-e-type=\"widget\" data-widget_type=\"text-editor.default\">\n\t\t\t\t<div class=\"elementor-widget-container\">\n\t\t\t\t\t\t\t\t\t<p><strong>Proyectos vigentes<\/strong><\/p>\t\t\t\t\t\t\t\t<\/div>\n\t\t\t\t<\/div>\n\t\t\t\t<\/div>\n\t\t\t\t\t<\/div>\n\t\t\t\t<\/div>\n\t\t<div class=\"elementor-element elementor-element-fed983d e-flex e-con-boxed e-con e-parent\" data-id=\"fed983d\" data-element_type=\"container\" data-e-type=\"container\">\n\t\t\t\t\t<div class=\"e-con-inner\">\n\t\t<div class=\"elementor-element elementor-element-11c7103 e-con-full e-flex e-con e-child\" data-id=\"11c7103\" data-element_type=\"container\" data-e-type=\"container\">\n\t\t<div class=\"elementor-element elementor-element-97092ec e-con-full e-flex e-con e-child\" data-id=\"97092ec\" data-element_type=\"container\" data-e-type=\"container\">\n\t\t\t\t<div class=\"elementor-element elementor-element-60a5c53 elementor-widget__width-inherit elementor-widget elementor-widget-text-editor\" data-id=\"60a5c53\" data-element_type=\"widget\" data-e-type=\"widget\" data-widget_type=\"text-editor.default\">\n\t\t\t\t<div class=\"elementor-widget-container\">\n\t\t\t\t\t\t\t\t\t<p>1<\/p>\t\t\t\t\t\t\t\t<\/div>\n\t\t\t\t<\/div>\n\t\t\t\t<div class=\"elementor-element elementor-element-dd8f87d elementor-widget__width-inherit elementor-widget elementor-widget-text-editor\" data-id=\"dd8f87d\" data-element_type=\"widget\" data-e-type=\"widget\" data-widget_type=\"text-editor.default\">\n\t\t\t\t<div class=\"elementor-widget-container\">\n\t\t\t\t\t\t\t\t\t<p><span style=\"font-weight: 400;\">Convocatoria Proyectos de Investigaci\u00f3n y Creaci\u00f3n\u00a0 CICITCA 2022 &#8211; 2025<\/span><\/p><p><b>\u201cProducci\u00f3n visual desde la investigaci\u00f3n interdisciplinar sobre comportamientos sociales y biopol\u00edticos naturalizados en personas de nuestro contexto social; abordada desde de la est\u00e9tica relacional con perspectiva de g\u00e9nero.\u201d<\/b><\/p><p><span style=\"font-weight: 400;\">Directora: Lic. Fabiana Zito (hasta 2024). Mgter. Mariela Limerutti (desde 2025)<\/span><\/p><p><span style=\"font-weight: 400;\">Co directora: Mgter. Mariela Limerutti (hasta 2024)<\/span><\/p><p><span style=\"font-weight: 400;\">Equipo de trabajo:\u00a0<\/span><\/p><p><span style=\"font-weight: 400;\">Prof. Alejandra Carabante<\/span><\/p><p>Mgter. Sonia Ver\u00f3nica Paris\u00ed<\/p><p><span style=\"font-weight: 400;\">Arq.\u00a0 Mar\u00eda Candelaria Tascheret<\/span><\/p><p><span style=\"font-weight: 400;\">Lic. Ana Yanina Gim\u00e9nez<\/span><\/p><p><span style=\"font-weight: 400;\">Lic. Florencia Giselle Ort\u00edz<\/span><\/p><p>DG. An\u00edbal Pe\u00f1a<\/p><p><span style=\"font-weight: 400;\">Este proyecto desarrolla interconexiones entre la filosof\u00eda, la est\u00e9tica, la cr\u00edtica, la sociolog\u00eda, la psicolog\u00eda con el Arte en sus manifestaciones relacionadas al Arte P\u00fablico, la Performance, la Intervenci\u00f3n y la Instalaci\u00f3n. Los referentes te\u00f3ricos Nicol\u00e1s Bourriaud, Donna Haraway y Paul Preciado principalmente orientan la investigaci\u00f3n y la producci\u00f3n creativa en el desarrollo de esta propuesta. Las tendencias en lo que se refiere a las disposiciones de sexualidad, g\u00e9nero y otras alineaciones diversas nos proponen un reto; no como finalidad en ellas mismas, sino como medio para la creaci\u00f3n. La hip\u00f3tesis es que existen determinadas disposiciones a actuar en consecuencia de un dispositivo naturalizado y ficcionalizado, a trav\u00e9s de las pr\u00e1cticas y los discursos que imperan en la provincia de San Juan, que est\u00e1n profundamente arraigados y que, por lo tanto, impiden revitalizar nuestras narrativas creativas.<\/span><\/p>\t\t\t\t\t\t\t\t<\/div>\n\t\t\t\t<\/div>\n\t\t\t\t<\/div>\n\t\t\t\t<\/div>\n\t\t<div class=\"elementor-element elementor-element-e7813a1 e-con-full e-flex e-con e-child\" data-id=\"e7813a1\" data-element_type=\"container\" data-e-type=\"container\">\n\t\t\t\t<div class=\"elementor-element elementor-element-99a4ece elementor-widget elementor-widget-text-editor\" data-id=\"99a4ece\" data-element_type=\"widget\" data-e-type=\"widget\" data-widget_type=\"text-editor.default\">\n\t\t\t\t<div class=\"elementor-widget-container\">\n\t\t\t\t\t\t\t\t\t<p>2<\/p>\t\t\t\t\t\t\t\t<\/div>\n\t\t\t\t<\/div>\n\t\t\t\t<div class=\"elementor-element elementor-element-adaf218 elementor-widget__width-inherit elementor-widget elementor-widget-text-editor\" data-id=\"adaf218\" data-element_type=\"widget\" data-e-type=\"widget\" data-widget_type=\"text-editor.default\">\n\t\t\t\t<div class=\"elementor-widget-container\">\n\t\t\t\t\t\t\t\t\t<p><span style=\"font-weight: 400;\">Convocatoria Proyectos para J\u00f3venes Investigadores\u00a0 PROJOVI 2022 &#8211; 2025<\/span><\/p><p><b>\u201cInterpretaciones del legado art\u00edstico y cultural de la Colecci\u00f3n Familia Tornamb\u00e9 a la Historia del Arte de San Juan en la primera mitad del siglo XX.\u201d<\/b><\/p><p><span style=\"font-weight: 400;\">Directora: Prof. Mar\u00eda Victoria Oro (hasta ago &#8211; 2025); <\/span><span style=\"font-weight: 400;\">Prof. Carolina Magali Gerez Carubin (desde ago &#8211; 2025)<\/span><\/p><p><span style=\"font-weight: 400;\">Co directora: Prof. Carolina Magali Gerez Carubin (hasta ago &#8211; 2025)<\/span><\/p><p><span style=\"font-weight: 400;\">Equipo de trabajo:\u00a0<\/span><\/p><p><span style=\"font-weight: 400;\">Lic. Florencia Giselle Ort\u00edz.<\/span><\/p><p>Lic. Mart\u00edn Leandro Paez Ramos<\/p><p><span style=\"font-weight: 400;\">Esp. Agostina Silva Mallea<\/span><\/p><p><span style=\"font-weight: 400;\">Este proyecto de investigaci\u00f3n busca ahondar en el trabajo interno que se est\u00e1 realizando actualmente con la Colecci\u00f3n Familia Tornamb\u00e9 (obras visuales, documentos, libros, epistolario, etc.), sobre todo en lo que refiere a las funciones investigativas y de socializaci\u00f3n. El an\u00e1lisis se centrar\u00e1 tanto en el conjunto de obras art\u00edsticas como as\u00ed tambi\u00e9n en los documentos, para continuar con procesos de estudio formal e interpretativo de la obra de estos autores. De esta manera, se pretende visibilizar su lugar y relevancia en la historia del arte local. Dichos procesos tendr\u00e1n como objeto generar y aportar conocimiento sobre la colecci\u00f3n principal del museo que las conserva.<\/span><\/p>\t\t\t\t\t\t\t\t<\/div>\n\t\t\t\t<\/div>\n\t\t\t\t<\/div>\n\t\t\t\t\t<\/div>\n\t\t\t\t<\/div>\n\t\t<div class=\"elementor-element elementor-element-9761576 e-flex e-con-boxed e-con e-parent\" data-id=\"9761576\" data-element_type=\"container\" data-e-type=\"container\">\n\t\t\t\t\t<div class=\"e-con-inner\">\n\t\t\t\t<div class=\"elementor-element elementor-element-8aefd49 elementor-widget elementor-widget-spacer\" data-id=\"8aefd49\" data-element_type=\"widget\" data-e-type=\"widget\" data-widget_type=\"spacer.default\">\n\t\t\t\t<div class=\"elementor-widget-container\">\n\t\t\t\t\t\t\t<div class=\"elementor-spacer\">\n\t\t\t<div class=\"elementor-spacer-inner\"><\/div>\n\t\t<\/div>\n\t\t\t\t\t\t<\/div>\n\t\t\t\t<\/div>\n\t\t\t\t\t<\/div>\n\t\t\t\t<\/div>\n\t\t\t\t<\/div>\n\t\t","protected":false},"excerpt":{"rendered":"<p>Investigaci\u00f3n Las tareas de investigaci\u00f3n contemplan el desarrollo de programas de trabajo con tem\u00e1ticas relativas a las nuevas posibilidades expresivas y operacionales; con la exploraci\u00f3n de materiales y procedimientos, con la historia y la teor\u00eda del arte y su relaci\u00f3n actual con problem\u00e1ticas sociales y culturales, entre otras. En este marco, la mayor\u00eda de los&hellip;&nbsp;<a href=\"https:\/\/museotornambe.ffha.unsj.edu.ar\/?page_id=1381\" rel=\"bookmark\">Leer m\u00e1s &raquo;<span class=\"screen-reader-text\">Investigaci\u00f3n<\/span><\/a><\/p>\n","protected":false},"author":1,"featured_media":0,"parent":0,"menu_order":0,"comment_status":"closed","ping_status":"closed","template":"page-templates\/template-pagebuilder-full-width.php","meta":{"neve_meta_sidebar":"","neve_meta_container":"","neve_meta_enable_content_width":"","neve_meta_content_width":0,"neve_meta_title_alignment":"","neve_meta_author_avatar":"","neve_post_elements_order":"","neve_meta_disable_header":"","neve_meta_disable_footer":"","neve_meta_disable_title":"","footnotes":""},"class_list":["post-1381","page","type-page","status-publish","hentry"],"_links":{"self":[{"href":"https:\/\/museotornambe.ffha.unsj.edu.ar\/index.php?rest_route=\/wp\/v2\/pages\/1381","targetHints":{"allow":["GET"]}}],"collection":[{"href":"https:\/\/museotornambe.ffha.unsj.edu.ar\/index.php?rest_route=\/wp\/v2\/pages"}],"about":[{"href":"https:\/\/museotornambe.ffha.unsj.edu.ar\/index.php?rest_route=\/wp\/v2\/types\/page"}],"author":[{"embeddable":true,"href":"https:\/\/museotornambe.ffha.unsj.edu.ar\/index.php?rest_route=\/wp\/v2\/users\/1"}],"replies":[{"embeddable":true,"href":"https:\/\/museotornambe.ffha.unsj.edu.ar\/index.php?rest_route=%2Fwp%2Fv2%2Fcomments&post=1381"}],"version-history":[{"count":199,"href":"https:\/\/museotornambe.ffha.unsj.edu.ar\/index.php?rest_route=\/wp\/v2\/pages\/1381\/revisions"}],"predecessor-version":[{"id":3762,"href":"https:\/\/museotornambe.ffha.unsj.edu.ar\/index.php?rest_route=\/wp\/v2\/pages\/1381\/revisions\/3762"}],"wp:attachment":[{"href":"https:\/\/museotornambe.ffha.unsj.edu.ar\/index.php?rest_route=%2Fwp%2Fv2%2Fmedia&parent=1381"}],"curies":[{"name":"wp","href":"https:\/\/api.w.org\/{rel}","templated":true}]}}